{"id":212,"date":"2025-12-04T11:04:26","date_gmt":"2025-12-04T10:04:26","guid":{"rendered":"https:\/\/zim.wh-goe.de\/?page_id=212"},"modified":"2025-12-04T11:20:23","modified_gmt":"2025-12-04T10:20:23","slug":"zimwash","status":"publish","type":"page","link":"https:\/\/zim.wh-goe.de\/?page_id=212","title":{"rendered":"ZimWash"},"content":{"rendered":"\n<p>Hier kann man nachschauen welche unserer Waschmaschinen gerade verf\u00fcgbar sind. Daf\u00fcr muss man im Wohnheimsnetzwerk sein!<\/p>\n\n\n\n<div class=\"wp-block-buttons is-content-justification-center is-layout-flex wp-container-core-buttons-is-layout-a89b3969 wp-block-buttons-is-layout-flex\">\n<div class=\"wp-block-button\"><a class=\"wp-block-button__link wp-element-button\" href=\"http:\/\/134.76.62.162\/\">zu ZimWash<\/a><\/div>\n<\/div>\n\n\n\n<h2 class=\"wp-block-heading\">Shortcut auf dem Handy Home-Screen<\/h2>\n\n\n\n<h3 class=\"wp-block-heading\">1) f\u00fcr Android<\/h3>\n\n\n\n<p>So legst Du ein Lesezeichen auf dem Home-Screen an Deinem Android-Handy ab:<\/p>\n\n\n\n<p>Tippe auf die drei Punkte rechts oben.<\/p>\n\n\n\n<p>W\u00e4hle die Option Zum Startbildschirm hinzuf\u00fcgen.<\/p>\n\n\n\n<p>Tippe auf Hinzuf\u00fcgen, damit das Symbol f\u00fcr die Webseite automatisch an einer freien Stelle auf dem Home-Screen platziert wird oder halte den Finger auf dem Icon, um selbst eine Position zu w\u00e4hlen.<\/p>\n\n\n\n<h3 class=\"wp-block-heading\">2) f\u00fcr iOS<\/h3>\n\n\n\n<p>Auch mit dem iPhone lassen sich Internetseiten f\u00fcr den Schnellzugriff auf dem Startbildschirm einrichten:<\/p>\n\n\n\n<p>Dr\u00fccke auf den Teilen-Button, das kleine Viereck mit dem Pfeil nach oben.<\/p>\n\n\n\n<p>Erweitere das Men\u00fc.<\/p>\n\n\n\n<p>Hier findest Du die Option Zum Home-Bildschirm.<\/p>\n\n\n\n<p>Suche eine freie Position auf dem Startbildschirm aus.<\/p>\n","protected":false},"excerpt":{"rendered":"<p>Hier kann man nachschauen welche unserer Waschmaschinen gerade verf\u00fcgbar sind. Daf\u00fcr muss man im Wohnheimsnetzwerk sein! Shortcut auf dem Handy Home-Screen 1) f\u00fcr Android So legst Du ein Lesezeichen auf dem Home-Screen an Deinem Android-Handy ab: Tippe auf die drei Punkte rechts oben. W\u00e4hle die Option Zum Startbildschirm hinzuf\u00fcgen. Tippe auf Hinzuf\u00fcgen, damit das Symbol [&hellip;]<\/p>\n","protected":false},"author":1,"featured_media":0,"parent":0,"menu_order":0,"comment_status":"closed","ping_status":"closed","template":"","meta":{"footnotes":""},"class_list":["post-212","page","type-page","status-publish","hentry"],"_links":{"self":[{"href":"https:\/\/zim.wh-goe.de\/index.php?rest_route=\/wp\/v2\/pages\/212","targetHints":{"allow":["GET"]}}],"collection":[{"href":"https:\/\/zim.wh-goe.de\/index.php?rest_route=\/wp\/v2\/pages"}],"about":[{"href":"https:\/\/zim.wh-goe.de\/index.php?rest_route=\/wp\/v2\/types\/page"}],"author":[{"embeddable":true,"href":"https:\/\/zim.wh-goe.de\/index.php?rest_route=\/wp\/v2\/users\/1"}],"replies":[{"embeddable":true,"href":"https:\/\/zim.wh-goe.de\/index.php?rest_route=%2Fwp%2Fv2%2Fcomments&post=212"}],"version-history":[{"count":5,"href":"https:\/\/zim.wh-goe.de\/index.php?rest_route=\/wp\/v2\/pages\/212\/revisions"}],"predecessor-version":[{"id":221,"href":"https:\/\/zim.wh-goe.de\/index.php?rest_route=\/wp\/v2\/pages\/212\/revisions\/221"}],"wp:attachment":[{"href":"https:\/\/zim.wh-goe.de\/index.php?rest_route=%2Fwp%2Fv2%2Fmedia&parent=212"}],"curies":[{"name":"wp","href":"https:\/\/api.w.org\/{rel}","templated":true}]}}