{"id":78,"date":"2023-10-31T00:34:51","date_gmt":"2023-10-31T00:34:51","guid":{"rendered":"https:\/\/dev.zim.wh-goe.de\/?page_id=78"},"modified":"2025-10-28T14:37:46","modified_gmt":"2025-10-28T13:37:46","slug":"neulinge","status":"publish","type":"page","link":"https:\/\/zim.wh-goe.de\/?page_id=78","title":{"rendered":"Du bist neu?"},"content":{"rendered":"\n<h2 class=\"wp-block-heading\">Liebe neue Bewohner*innen!<\/h2>\n\n\n\n<p>Komm in die Gruppe! Neben einer allgemeinen Telegramgruppe f\u00fcr alle Belange des Zusammenwohnens im Wohnheim, haben wir auch eine Foodsharing- und eine Sportgruppe.<\/p>\n\n\n\n<div class=\"wp-block-columns is-layout-flex wp-container-core-columns-is-layout-28f84493 wp-block-columns-is-layout-flex\">\n<div class=\"wp-block-column is-layout-flow wp-block-column-is-layout-flow\">\n<figure class=\"wp-block-image size-full\"><img loading=\"lazy\" decoding=\"async\" width=\"786\" height=\"786\" src=\"https:\/\/zim.wh-goe.de\/wp-content\/uploads\/2025\/10\/image-1.png\" alt=\"\" class=\"wp-image-207\" srcset=\"https:\/\/zim.wh-goe.de\/wp-content\/uploads\/2025\/10\/image-1.png 786w, https:\/\/zim.wh-goe.de\/wp-content\/uploads\/2025\/10\/image-1-300x300.png 300w, https:\/\/zim.wh-goe.de\/wp-content\/uploads\/2025\/10\/image-1-150x150.png 150w, https:\/\/zim.wh-goe.de\/wp-content\/uploads\/2025\/10\/image-1-768x768.png 768w\" sizes=\"auto, (max-width: 786px) 100vw, 786px\" \/><\/figure>\n<\/div>\n\n\n\n<div class=\"wp-block-column is-layout-flow wp-block-column-is-layout-flow\">\n<figure class=\"wp-block-image aligncenter size-full\"><img loading=\"lazy\" decoding=\"async\" width=\"300\" height=\"300\" src=\"https:\/\/zim.wh-goe.de\/wp-content\/uploads\/2024\/03\/Telegram_Foodsharing.png\" alt=\"\" class=\"wp-image-151\" srcset=\"https:\/\/zim.wh-goe.de\/wp-content\/uploads\/2024\/03\/Telegram_Foodsharing.png 300w, https:\/\/zim.wh-goe.de\/wp-content\/uploads\/2024\/03\/Telegram_Foodsharing-150x150.png 150w\" sizes=\"auto, (max-width: 300px) 100vw, 300px\" \/><figcaption class=\"wp-element-caption\"><strong>Foodsharing<\/strong><\/figcaption><\/figure>\n<\/div>\n\n\n\n<div class=\"wp-block-column is-layout-flow wp-block-column-is-layout-flow\">\n<figure class=\"wp-block-image aligncenter size-full is-resized\"><img loading=\"lazy\" decoding=\"async\" width=\"300\" height=\"300\" src=\"https:\/\/zim.wh-goe.de\/wp-content\/uploads\/2024\/03\/Telegram_Sport.png\" alt=\"\" class=\"wp-image-150\" style=\"width:294px;height:auto\" srcset=\"https:\/\/zim.wh-goe.de\/wp-content\/uploads\/2024\/03\/Telegram_Sport.png 300w, https:\/\/zim.wh-goe.de\/wp-content\/uploads\/2024\/03\/Telegram_Sport-150x150.png 150w\" sizes=\"auto, (max-width: 300px) 100vw, 300px\" \/><figcaption class=\"wp-element-caption\"><strong>Sport<\/strong><\/figcaption><\/figure>\n<\/div>\n<\/div>\n\n\n\n<p>Egal, ob Partykeller, Werkzeug oder Sportutensilien, unser Wohnheim bietet eine Vielzahl an Gemeinschaftsgegenst\u00e4nden und -r\u00e4umen. Um diese zu nutzen, kannst du diese ganz einfach rechtzeitig \u00fcber unser Buchungssystem reservieren. Wie du das Buchungssystem benutzt, erf\u00e4hrst du <a href=\"https:\/\/zim.wh-goe.de\/?page_id=97\">hier<\/a>.<\/p>\n\n\n\n<p>Schau dir unsere Wohnheimszeitschrift an, um mehr \u00fcber unser Wohnheim zu erfahren!<\/p>\n\n\n\n<p><\/p>\n","protected":false},"excerpt":{"rendered":"<p>Liebe neue Bewohner*innen! Komm in die Gruppe! Neben einer allgemeinen Telegramgruppe f\u00fcr alle Belange des Zusammenwohnens im Wohnheim, haben wir auch eine Foodsharing- und eine Sportgruppe. Egal, ob Partykeller, Werkzeug oder Sportutensilien, unser Wohnheim bietet eine Vielzahl an Gemeinschaftsgegenst\u00e4nden und -r\u00e4umen. Um diese zu nutzen, kannst du diese ganz einfach rechtzeitig \u00fcber unser Buchungssystem reservieren. [&hellip;]<\/p>\n","protected":false},"author":1,"featured_media":0,"parent":0,"menu_order":0,"comment_status":"closed","ping_status":"closed","template":"","meta":{"footnotes":""},"class_list":["post-78","page","type-page","status-publish","hentry"],"_links":{"self":[{"href":"https:\/\/zim.wh-goe.de\/index.php?rest_route=\/wp\/v2\/pages\/78","targetHints":{"allow":["GET"]}}],"collection":[{"href":"https:\/\/zim.wh-goe.de\/index.php?rest_route=\/wp\/v2\/pages"}],"about":[{"href":"https:\/\/zim.wh-goe.de\/index.php?rest_route=\/wp\/v2\/types\/page"}],"author":[{"embeddable":true,"href":"https:\/\/zim.wh-goe.de\/index.php?rest_route=\/wp\/v2\/users\/1"}],"replies":[{"embeddable":true,"href":"https:\/\/zim.wh-goe.de\/index.php?rest_route=%2Fwp%2Fv2%2Fcomments&post=78"}],"version-history":[{"count":15,"href":"https:\/\/zim.wh-goe.de\/index.php?rest_route=\/wp\/v2\/pages\/78\/revisions"}],"predecessor-version":[{"id":208,"href":"https:\/\/zim.wh-goe.de\/index.php?rest_route=\/wp\/v2\/pages\/78\/revisions\/208"}],"wp:attachment":[{"href":"https:\/\/zim.wh-goe.de\/index.php?rest_route=%2Fwp%2Fv2%2Fmedia&parent=78"}],"curies":[{"name":"wp","href":"https:\/\/api.w.org\/{rel}","templated":true}]}}